{"id":104105,"date":"2025-11-23T15:54:51","date_gmt":"2025-11-23T14:54:51","guid":{"rendered":"https:\/\/yoaofficial.com\/product\/onya\/"},"modified":"2025-11-24T14:57:11","modified_gmt":"2025-11-24T13:57:11","slug":"onya","status":"publish","type":"product","link":"https:\/\/yoaofficial.com\/en\/product\/onya\/","title":{"rendered":"Onya"},"content":{"rendered":"<p data-start=\"125\" data-end=\"362\"><strong data-start=\"125\" data-end=\"133\">ONYA<\/strong> jednodelni kupa\u0107i kostim donosi savremenu eleganciju u naj\u010distijem obliku. Dizajniran za \u017eene koje cene jednostavnost sa karakterom, ovaj model kombinuje jasno definisane linije i upe\u010datljive detalje koji suptilno isti\u010du figuru.<\/p>\n<p data-start=\"364\" data-end=\"690\">Zahvaljuju\u0107i kvalitetnim materijalima i pa\u017eljivo oblikovanom kroju, <strong data-start=\"432\" data-end=\"440\">ONYA<\/strong> pru\u017ea stabilnost, komfor i sigurnost pri svakom pokretu \u2013 bilo da plivate, u\u017eivate na pla\u017ei ili se opu\u0161tate uz bazen. Njegov minimalisti\u010dki stil lako se uklapa u svaki letnji ambijent, dok pametno postavljeni akcenti daju dozu moderne zavodljivosti.<\/p>\n<p data-start=\"692\" data-end=\"886\" data-is-last-node=\"\" data-is-only-node=\"\"><strong data-start=\"692\" data-end=\"700\">ONYA<\/strong> je vi\u0161e od klasi\u010dnog jednodelnog modela \u2013 on predstavlja spoj funkcionalnosti i estetike, stvaraju\u0107i kupa\u0107i kostim koji inspiri\u0161e samopouzdanje i odi\u0161e tihom, nenametljivom elegancijom.<\/p>\n","protected":false},"excerpt":{"rendered":"<p><strong data-start=\"125\" data-end=\"133\">ONYA<\/strong> jednodelni kupa\u0107i kostim donosi savremenu eleganciju u naj\u010distijem obliku. Dizajniran za \u017eene koje cene jednostavnost sa karakterom, ovaj model kombinuje jasno definisane linije i upe\u010datljive detalje koji suptilno isti\u010du figuru.<\/p>\n","protected":false},"featured_media":103062,"template":"","meta":{"_acf_changed":false,"_seopress_robots_primary_cat":"none","_seopress_titles_title":"","_seopress_titles_desc":"","_seopress_robots_index":""},"product_brand":[],"product_cat":[172,80],"product_tag":[171],"class_list":{"0":"post-104105","1":"product","2":"type-product","3":"status-publish","4":"has-post-thumbnail","6":"product_cat-lady-collection-en","7":"product_cat-one-piece","8":"product_tag-lady-collection-en","10":"first","11":"instock","12":"shipping-taxable","13":"purchasable","14":"product-type-variable"},"acf":[],"_links":{"self":[{"href":"https:\/\/yoaofficial.com\/en\/wp-json\/wp\/v2\/product\/104105","targetHints":{"allow":["GET"]}}],"collection":[{"href":"https:\/\/yoaofficial.com\/en\/wp-json\/wp\/v2\/product"}],"about":[{"href":"https:\/\/yoaofficial.com\/en\/wp-json\/wp\/v2\/types\/product"}],"wp:featuredmedia":[{"embeddable":true,"href":"https:\/\/yoaofficial.com\/en\/wp-json\/wp\/v2\/media\/103062"}],"wp:attachment":[{"href":"https:\/\/yoaofficial.com\/en\/wp-json\/wp\/v2\/media?parent=104105"}],"wp:term":[{"taxonomy":"product_brand","embeddable":true,"href":"https:\/\/yoaofficial.com\/en\/wp-json\/wp\/v2\/product_brand?post=104105"},{"taxonomy":"product_cat","embeddable":true,"href":"https:\/\/yoaofficial.com\/en\/wp-json\/wp\/v2\/product_cat?post=104105"},{"taxonomy":"product_tag","embeddable":true,"href":"https:\/\/yoaofficial.com\/en\/wp-json\/wp\/v2\/product_tag?post=104105"}],"curies":[{"name":"wp","href":"https:\/\/api.w.org\/{rel}","templated":true}]}}