{"id":106356,"date":"2026-03-13T16:00:14","date_gmt":"2026-03-13T15:00:14","guid":{"rendered":"https:\/\/yoaofficial.com\/?post_type=product&#038;p=106356"},"modified":"2026-03-16T15:14:06","modified_gmt":"2026-03-16T14:14:06","slug":"ginna","status":"publish","type":"product","link":"https:\/\/yoaofficial.com\/en\/product\/ginna\/","title":{"rendered":"Ginna"},"content":{"rendered":"<p>Ginna bikini je savr\u0161en spoj modernog dizajna i zavodljive elegancije. Njegov minimalisti\u010dki kroj nagla\u0161ava prirodnu liniju tela.<\/p>\n<p>Izra\u0111en od kvalitetnih i prijatnih materijala, ovaj model pru\u017ea udobnost i slobodu pokreta tokom celog dana. Suptilni detalji i pa\u017eljivo oblikovan kroj \u010dine ga idealnim izborom za \u017eene koje \u017eele da istaknu svoj stil i u\u017eivaju u letnjim danima.<\/p>\n<p>Sa Ginna modelom, svaki trenutak na suncu postaje jo\u0161 posebniji. Dostupan je u braon, crnoj i crvenoj boji.<\/p>\n","protected":false},"excerpt":{"rendered":"<p>Ginna bikini je savr\u0161en spoj modernog dizajna i zavodljive elegancije. Njegov minimalisti\u010dki kroj nagla\u0161ava prirodnu liniju tela.<\/p>\n","protected":false},"featured_media":106361,"template":"","meta":{"_acf_changed":false,"_seopress_robots_primary_cat":"none","_seopress_titles_title":"","_seopress_titles_desc":"","_seopress_robots_index":""},"product_brand":[],"product_cat":[68,18],"product_tag":[66],"class_list":{"0":"post-106356","1":"product","2":"type-product","3":"status-publish","4":"has-post-thumbnail","6":"product_cat-dvodelni-kupaci","7":"product_cat-novo","8":"product_tag-latest","10":"first","11":"instock","12":"shipping-taxable","13":"purchasable","14":"product-type-variable"},"acf":[],"_links":{"self":[{"href":"https:\/\/yoaofficial.com\/en\/wp-json\/wp\/v2\/product\/106356","targetHints":{"allow":["GET"]}}],"collection":[{"href":"https:\/\/yoaofficial.com\/en\/wp-json\/wp\/v2\/product"}],"about":[{"href":"https:\/\/yoaofficial.com\/en\/wp-json\/wp\/v2\/types\/product"}],"wp:featuredmedia":[{"embeddable":true,"href":"https:\/\/yoaofficial.com\/en\/wp-json\/wp\/v2\/media\/106361"}],"wp:attachment":[{"href":"https:\/\/yoaofficial.com\/en\/wp-json\/wp\/v2\/media?parent=106356"}],"wp:term":[{"taxonomy":"product_brand","embeddable":true,"href":"https:\/\/yoaofficial.com\/en\/wp-json\/wp\/v2\/product_brand?post=106356"},{"taxonomy":"product_cat","embeddable":true,"href":"https:\/\/yoaofficial.com\/en\/wp-json\/wp\/v2\/product_cat?post=106356"},{"taxonomy":"product_tag","embeddable":true,"href":"https:\/\/yoaofficial.com\/en\/wp-json\/wp\/v2\/product_tag?post=106356"}],"curies":[{"name":"wp","href":"https:\/\/api.w.org\/{rel}","templated":true}]}}