{"id":106438,"date":"2026-03-13T16:11:04","date_gmt":"2026-03-13T15:11:04","guid":{"rendered":"https:\/\/yoaofficial.com\/?post_type=product&#038;p=106438"},"modified":"2026-03-16T15:13:56","modified_gmt":"2026-03-16T14:13:56","slug":"paloma","status":"publish","type":"product","link":"https:\/\/yoaofficial.com\/en\/product\/paloma\/","title":{"rendered":"Paloma"},"content":{"rendered":"<p>Paloma jednodelni kupa\u0107i kostim odi\u0161e elegancijom i modernim letnjim stilom. Njegov upe\u010datljiv kroj prati liniju tela i isti\u010de siluetu, stvaraju\u0107i sofisticiran i atraktivan izgled na pla\u017ei.<\/p>\n<p>Izra\u0111en od kvalitetnog materijala koji se savr\u0161eno prilago\u0111ava telu. Pa\u017eljivo osmi\u0161ljeni detalji i elegantan dizajn \u010dine ga idealnim izborom za \u017eene koje \u017eele da spoje stil, istaknu samopouzdanje i letnju energiju.<\/p>\n<p>Sa Paloma modelom, svaki izlazak na pla\u017eu postaje pravi modni trenutak. Dostupan je u crnoj, \u017eutoj, crvenoj i beloj boji.<\/p>\n","protected":false},"excerpt":{"rendered":"<p>Paloma jednodelni kupa\u0107i kostim odi\u0161e elegancijom i modernim letnjim stilom. Njegov upe\u010datljiv kroj prati liniju tela i isti\u010de siluetu, stvaraju\u0107i sofisticiran i atraktivan izgled na pla\u017ei.<\/p>\n<p>&nbsp;<\/p>\n","protected":false},"featured_media":106539,"template":"","meta":{"_acf_changed":false,"_seopress_robots_primary_cat":"none","_seopress_titles_title":"","_seopress_titles_desc":"","_seopress_robots_index":""},"product_brand":[],"product_cat":[20,18],"product_tag":[66],"class_list":{"0":"post-106438","1":"product","2":"type-product","3":"status-publish","4":"has-post-thumbnail","6":"product_cat-jednodelni-kupaci","7":"product_cat-novo","8":"product_tag-latest","10":"first","11":"instock","12":"shipping-taxable","13":"purchasable","14":"product-type-variable"},"acf":[],"_links":{"self":[{"href":"https:\/\/yoaofficial.com\/en\/wp-json\/wp\/v2\/product\/106438","targetHints":{"allow":["GET"]}}],"collection":[{"href":"https:\/\/yoaofficial.com\/en\/wp-json\/wp\/v2\/product"}],"about":[{"href":"https:\/\/yoaofficial.com\/en\/wp-json\/wp\/v2\/types\/product"}],"wp:featuredmedia":[{"embeddable":true,"href":"https:\/\/yoaofficial.com\/en\/wp-json\/wp\/v2\/media\/106539"}],"wp:attachment":[{"href":"https:\/\/yoaofficial.com\/en\/wp-json\/wp\/v2\/media?parent=106438"}],"wp:term":[{"taxonomy":"product_brand","embeddable":true,"href":"https:\/\/yoaofficial.com\/en\/wp-json\/wp\/v2\/product_brand?post=106438"},{"taxonomy":"product_cat","embeddable":true,"href":"https:\/\/yoaofficial.com\/en\/wp-json\/wp\/v2\/product_cat?post=106438"},{"taxonomy":"product_tag","embeddable":true,"href":"https:\/\/yoaofficial.com\/en\/wp-json\/wp\/v2\/product_tag?post=106438"}],"curies":[{"name":"wp","href":"https:\/\/api.w.org\/{rel}","templated":true}]}}