{"id":93832,"date":"2024-10-29T10:41:44","date_gmt":"2024-10-29T09:41:44","guid":{"rendered":"https:\/\/yoaofficial.com\/?post_type=product&#038;p=93832"},"modified":"2025-05-13T10:47:18","modified_gmt":"2025-05-13T09:47:18","slug":"majica-amara","status":"publish","type":"product","link":"https:\/\/yoaofficial.com\/en\/product\/majica-amara\/","title":{"rendered":"Majica Amara"},"content":{"rendered":"<p>Majica Amara je savr\u0161en spoj stila i udobnosti! Ovaj komad donosi modernu notu va\u0161oj garderobi, isti\u010du\u0107i va\u0161u \u017eenstvenost. Savr\u0161ena za svaku priliku, lako se kombinuje s razli\u010ditim suknjama ili pantalonama, \u010dine\u0107i je nezaobilaznim delom va\u0161eg stila.<\/p>\n","protected":false},"excerpt":{"rendered":"<p>Majica Amara je savr\u0161en spoj stila i udobnosti! Ovaj komad donosi modernu notu va\u0161oj garderobi, isti\u010du\u0107i va\u0161u \u017eenstvenost.<\/p>\n","protected":false},"featured_media":93882,"template":"","meta":{"_acf_changed":false,"_seopress_robots_primary_cat":"none","_seopress_titles_title":"","_seopress_titles_desc":"","_seopress_robots_index":""},"product_brand":[],"product_cat":[131,130],"product_tag":[],"class_list":{"0":"post-93832","1":"product","2":"type-product","3":"status-publish","4":"has-post-thumbnail","6":"product_cat-majice","7":"product_cat-new-edition","9":"first","10":"outofstock","11":"shipping-taxable","12":"purchasable","13":"product-type-variable"},"acf":[],"_links":{"self":[{"href":"https:\/\/yoaofficial.com\/en\/wp-json\/wp\/v2\/product\/93832","targetHints":{"allow":["GET"]}}],"collection":[{"href":"https:\/\/yoaofficial.com\/en\/wp-json\/wp\/v2\/product"}],"about":[{"href":"https:\/\/yoaofficial.com\/en\/wp-json\/wp\/v2\/types\/product"}],"wp:featuredmedia":[{"embeddable":true,"href":"https:\/\/yoaofficial.com\/en\/wp-json\/wp\/v2\/media\/93882"}],"wp:attachment":[{"href":"https:\/\/yoaofficial.com\/en\/wp-json\/wp\/v2\/media?parent=93832"}],"wp:term":[{"taxonomy":"product_brand","embeddable":true,"href":"https:\/\/yoaofficial.com\/en\/wp-json\/wp\/v2\/product_brand?post=93832"},{"taxonomy":"product_cat","embeddable":true,"href":"https:\/\/yoaofficial.com\/en\/wp-json\/wp\/v2\/product_cat?post=93832"},{"taxonomy":"product_tag","embeddable":true,"href":"https:\/\/yoaofficial.com\/en\/wp-json\/wp\/v2\/product_tag?post=93832"}],"curies":[{"name":"wp","href":"https:\/\/api.w.org\/{rel}","templated":true}]}}