{"id":93888,"date":"2024-10-29T10:58:04","date_gmt":"2024-10-29T09:58:04","guid":{"rendered":"https:\/\/yoaofficial.com\/?post_type=product&#038;p=93888"},"modified":"2025-05-13T10:45:56","modified_gmt":"2025-05-13T09:45:56","slug":"majica-ginna","status":"publish","type":"product","link":"https:\/\/yoaofficial.com\/en\/product\/majica-ginna\/","title":{"rendered":"Majica Ginna"},"content":{"rendered":"<p>Majica Ginaa u boji koja je must-have ove jeseni. Karneri koji padaju preko ramena donose da\u0161ak \u017eenstvenosti, dok diskretan prorez i jedinstvena YOA \u0161nala na dekolteu stvaraju upe\u010datljiv efekt.<\/p>\n","protected":false},"excerpt":{"rendered":"<p>Majica Ginaa u boji koja je must-have ove jeseni. Karneri koji padaju preko ramena donose da\u0161ak \u017eenstvenosti, dok diskretan prorez i jedinstvena YOA \u0161nala na dekolteu stvaraju upe\u010datljiv efekt.<\/p>\n","protected":false},"featured_media":93940,"template":"","meta":{"_acf_changed":false,"_seopress_robots_primary_cat":"none","_seopress_titles_title":"","_seopress_titles_desc":"","_seopress_robots_index":""},"product_brand":[],"product_cat":[131,130],"product_tag":[],"class_list":{"0":"post-93888","1":"product","2":"type-product","3":"status-publish","4":"has-post-thumbnail","6":"product_cat-majice","7":"product_cat-new-edition","9":"first","10":"outofstock","11":"shipping-taxable","12":"purchasable","13":"product-type-variable"},"acf":[],"_links":{"self":[{"href":"https:\/\/yoaofficial.com\/en\/wp-json\/wp\/v2\/product\/93888","targetHints":{"allow":["GET"]}}],"collection":[{"href":"https:\/\/yoaofficial.com\/en\/wp-json\/wp\/v2\/product"}],"about":[{"href":"https:\/\/yoaofficial.com\/en\/wp-json\/wp\/v2\/types\/product"}],"wp:featuredmedia":[{"embeddable":true,"href":"https:\/\/yoaofficial.com\/en\/wp-json\/wp\/v2\/media\/93940"}],"wp:attachment":[{"href":"https:\/\/yoaofficial.com\/en\/wp-json\/wp\/v2\/media?parent=93888"}],"wp:term":[{"taxonomy":"product_brand","embeddable":true,"href":"https:\/\/yoaofficial.com\/en\/wp-json\/wp\/v2\/product_brand?post=93888"},{"taxonomy":"product_cat","embeddable":true,"href":"https:\/\/yoaofficial.com\/en\/wp-json\/wp\/v2\/product_cat?post=93888"},{"taxonomy":"product_tag","embeddable":true,"href":"https:\/\/yoaofficial.com\/en\/wp-json\/wp\/v2\/product_tag?post=93888"}],"curies":[{"name":"wp","href":"https:\/\/api.w.org\/{rel}","templated":true}]}}