{"id":94100,"date":"2024-10-29T11:20:31","date_gmt":"2024-10-29T10:20:31","guid":{"rendered":"https:\/\/yoaofficial.com\/?post_type=product&#038;p=94100"},"modified":"2025-05-13T10:46:16","modified_gmt":"2025-05-13T09:46:16","slug":"suknja-eleny","status":"publish","type":"product","link":"https:\/\/yoaofficial.com\/en\/product\/suknja-eleny\/","title":{"rendered":"Suknja Eleny"},"content":{"rendered":"<p>Suknja Eleny je pravi hit za modernu garderobu! Ova suknja savr\u0161eno kombinuje stil i udobnost, isti\u010du\u0107i va\u0161u figuru na elegantan na\u010din. Njena svestranost omogu\u0107ava vam da je lako uklopite u razli\u010dite kombinacije, bilo za poslovne prilike ili opu\u0161tene izlaske.<\/p>\n","protected":false},"excerpt":{"rendered":"<p>Suknja Eleny je pravi hit za modernu garderobu! Ova suknja savr\u0161eno kombinuje stil i udobnost, isti\u010du\u0107i va\u0161u figuru na elegantan na\u010din. Njena svestranost omogu\u0107ava vam da je lako uklopite u razli\u010dite kombinacije, bilo za poslovne prilike ili opu\u0161tene izlaske.<\/p>\n","protected":false},"featured_media":94152,"template":"","meta":{"_acf_changed":false,"_seopress_robots_primary_cat":"none","_seopress_titles_title":"","_seopress_titles_desc":"","_seopress_robots_index":""},"product_brand":[],"product_cat":[24,130,17,137],"product_tag":[],"class_list":{"0":"post-94100","1":"product","2":"type-product","3":"status-publish","4":"has-post-thumbnail","6":"product_cat-akcija","7":"product_cat-new-edition","8":"product_cat-sale","9":"product_cat-suknje","11":"first","12":"outofstock","13":"sale","14":"shipping-taxable","15":"purchasable","16":"product-type-variable"},"acf":[],"_links":{"self":[{"href":"https:\/\/yoaofficial.com\/en\/wp-json\/wp\/v2\/product\/94100","targetHints":{"allow":["GET"]}}],"collection":[{"href":"https:\/\/yoaofficial.com\/en\/wp-json\/wp\/v2\/product"}],"about":[{"href":"https:\/\/yoaofficial.com\/en\/wp-json\/wp\/v2\/types\/product"}],"wp:featuredmedia":[{"embeddable":true,"href":"https:\/\/yoaofficial.com\/en\/wp-json\/wp\/v2\/media\/94152"}],"wp:attachment":[{"href":"https:\/\/yoaofficial.com\/en\/wp-json\/wp\/v2\/media?parent=94100"}],"wp:term":[{"taxonomy":"product_brand","embeddable":true,"href":"https:\/\/yoaofficial.com\/en\/wp-json\/wp\/v2\/product_brand?post=94100"},{"taxonomy":"product_cat","embeddable":true,"href":"https:\/\/yoaofficial.com\/en\/wp-json\/wp\/v2\/product_cat?post=94100"},{"taxonomy":"product_tag","embeddable":true,"href":"https:\/\/yoaofficial.com\/en\/wp-json\/wp\/v2\/product_tag?post=94100"}],"curies":[{"name":"wp","href":"https:\/\/api.w.org\/{rel}","templated":true}]}}