{"id":94156,"date":"2024-10-29T11:25:44","date_gmt":"2024-10-29T10:25:44","guid":{"rendered":"https:\/\/yoaofficial.com\/?post_type=product&#038;p=94156"},"modified":"2025-05-13T10:40:34","modified_gmt":"2025-05-13T09:40:34","slug":"suknja-nera","status":"publish","type":"product","link":"https:\/\/yoaofficial.com\/en\/product\/suknja-nera\/","title":{"rendered":"Suknja Nera"},"content":{"rendered":"<p>Suknja Nera je kratka, lepr\u0161ava suknja koja donosi da\u0161ak slobode i mladala\u010dke energije. Njena jedinstvena silueta pleni pa\u017enju i ostavlja sna\u017ean utisak pri svakom izlasku. Savr\u0161ena je za kreiranje razigranih i chic kombinacija koje \u0107e vas istaknuti u svakoj prilici.<\/p>\n","protected":false},"excerpt":{"rendered":"<p>Suknja Nera je kratka, lepr\u0161ava suknja koja donosi da\u0161ak slobode i mladala\u010dke energije. Njena jedinstvena silueta pleni pa\u017enju i ostavlja sna\u017ean utisak pri svakom izlasku. Savr\u0161ena je za kreiranje razigranih i chic kombinacija koje \u0107e vas istaknuti u svakoj prilici.<\/p>\n","protected":false},"featured_media":94206,"template":"","meta":{"_acf_changed":false,"_seopress_robots_primary_cat":"none","_seopress_titles_title":"","_seopress_titles_desc":"","_seopress_robots_index":""},"product_brand":[],"product_cat":[24,130,17,137],"product_tag":[],"class_list":{"0":"post-94156","1":"product","2":"type-product","3":"status-publish","4":"has-post-thumbnail","6":"product_cat-akcija","7":"product_cat-new-edition","8":"product_cat-sale","9":"product_cat-suknje","11":"first","12":"outofstock","13":"sale","14":"shipping-taxable","15":"purchasable","16":"product-type-variable"},"acf":[],"_links":{"self":[{"href":"https:\/\/yoaofficial.com\/en\/wp-json\/wp\/v2\/product\/94156","targetHints":{"allow":["GET"]}}],"collection":[{"href":"https:\/\/yoaofficial.com\/en\/wp-json\/wp\/v2\/product"}],"about":[{"href":"https:\/\/yoaofficial.com\/en\/wp-json\/wp\/v2\/types\/product"}],"wp:featuredmedia":[{"embeddable":true,"href":"https:\/\/yoaofficial.com\/en\/wp-json\/wp\/v2\/media\/94206"}],"wp:attachment":[{"href":"https:\/\/yoaofficial.com\/en\/wp-json\/wp\/v2\/media?parent=94156"}],"wp:term":[{"taxonomy":"product_brand","embeddable":true,"href":"https:\/\/yoaofficial.com\/en\/wp-json\/wp\/v2\/product_brand?post=94156"},{"taxonomy":"product_cat","embeddable":true,"href":"https:\/\/yoaofficial.com\/en\/wp-json\/wp\/v2\/product_cat?post=94156"},{"taxonomy":"product_tag","embeddable":true,"href":"https:\/\/yoaofficial.com\/en\/wp-json\/wp\/v2\/product_tag?post=94156"}],"curies":[{"name":"wp","href":"https:\/\/api.w.org\/{rel}","templated":true}]}}