{"id":94210,"date":"2024-10-29T11:30:36","date_gmt":"2024-10-29T10:30:36","guid":{"rendered":"https:\/\/yoaofficial.com\/?post_type=product&#038;p=94210"},"modified":"2025-05-13T10:47:21","modified_gmt":"2025-05-13T09:47:21","slug":"rolka-elia","status":"publish","type":"product","link":"https:\/\/yoaofficial.com\/en\/product\/rolka-elia\/","title":{"rendered":"Rolka Elia"},"content":{"rendered":"<p>Za sve ljubitelje udobnosti, ovaj stajling je idealan. Rolka sa volan rukavima ELIA savr\u0161eno se kombinuje s elegantnim pantalonama NINNA, stvaraju\u0107i sjajan spoj koji omogu\u0107ava da se ose\u0107ate prijatno, a istovremeno izgledate sofisticirano.<\/p>\n","protected":false},"excerpt":{"rendered":"<p>Za sve ljubitelje udobnosti, ovaj stajling je idealan. Rolka sa volan rukavima ELIA savr\u0161eno se kombinuje s elegantnim pantalonama NINNA, stvaraju\u0107i sjajan spoj koji omogu\u0107ava da se ose\u0107ate prijatno, a istovremeno izgledate sofisticirano.<\/p>\n","protected":false},"featured_media":94260,"template":"","meta":{"_acf_changed":false,"_seopress_robots_primary_cat":"none","_seopress_titles_title":"","_seopress_titles_desc":"","_seopress_robots_index":""},"product_brand":[],"product_cat":[130,138],"product_tag":[],"class_list":{"0":"post-94210","1":"product","2":"type-product","3":"status-publish","4":"has-post-thumbnail","6":"product_cat-new-edition","7":"product_cat-rolke","9":"first","10":"outofstock","11":"shipping-taxable","12":"purchasable","13":"product-type-variable"},"acf":[],"_links":{"self":[{"href":"https:\/\/yoaofficial.com\/en\/wp-json\/wp\/v2\/product\/94210","targetHints":{"allow":["GET"]}}],"collection":[{"href":"https:\/\/yoaofficial.com\/en\/wp-json\/wp\/v2\/product"}],"about":[{"href":"https:\/\/yoaofficial.com\/en\/wp-json\/wp\/v2\/types\/product"}],"wp:featuredmedia":[{"embeddable":true,"href":"https:\/\/yoaofficial.com\/en\/wp-json\/wp\/v2\/media\/94260"}],"wp:attachment":[{"href":"https:\/\/yoaofficial.com\/en\/wp-json\/wp\/v2\/media?parent=94210"}],"wp:term":[{"taxonomy":"product_brand","embeddable":true,"href":"https:\/\/yoaofficial.com\/en\/wp-json\/wp\/v2\/product_brand?post=94210"},{"taxonomy":"product_cat","embeddable":true,"href":"https:\/\/yoaofficial.com\/en\/wp-json\/wp\/v2\/product_cat?post=94210"},{"taxonomy":"product_tag","embeddable":true,"href":"https:\/\/yoaofficial.com\/en\/wp-json\/wp\/v2\/product_tag?post=94210"}],"curies":[{"name":"wp","href":"https:\/\/api.w.org\/{rel}","templated":true}]}}