{"id":94268,"date":"2024-10-29T11:45:19","date_gmt":"2024-10-29T10:45:19","guid":{"rendered":"https:\/\/yoaofficial.com\/?post_type=product&#038;p=94268"},"modified":"2025-05-13T10:47:22","modified_gmt":"2025-05-13T09:47:22","slug":"rolka-cora","status":"publish","type":"product","link":"https:\/\/yoaofficial.com\/en\/product\/rolka-cora\/","title":{"rendered":"Rolka Cora"},"content":{"rendered":"<p>Rolka Cora, savr\u0161en komad za va\u0161u jesenju kolekciju! Ova rolka donosi sofisticiranost i udobnost, idealna za hladnije dane. Njene smirene boje savr\u0161eno se uklapaju u svaki stajling, pru\u017eaju\u0107i vam toplinu i stil.<\/p>\n","protected":false},"excerpt":{"rendered":"<p>Rolka Cora, savr\u0161en komad za va\u0161u jesenju kolekciju! Ova rolka donosi sofisticiranost i udobnost, idealna za hladnije dane. Njene smirene boje savr\u0161eno se uklapaju u svaki stajling, pru\u017eaju\u0107i vam toplinu i stil.<\/p>\n","protected":false},"featured_media":94320,"template":"","meta":{"_acf_changed":false,"_seopress_robots_primary_cat":"none","_seopress_titles_title":"","_seopress_titles_desc":"","_seopress_robots_index":""},"product_brand":[],"product_cat":[130,138],"product_tag":[],"class_list":{"0":"post-94268","1":"product","2":"type-product","3":"status-publish","4":"has-post-thumbnail","6":"product_cat-new-edition","7":"product_cat-rolke","9":"first","10":"outofstock","11":"shipping-taxable","12":"purchasable","13":"product-type-variable"},"acf":[],"_links":{"self":[{"href":"https:\/\/yoaofficial.com\/en\/wp-json\/wp\/v2\/product\/94268","targetHints":{"allow":["GET"]}}],"collection":[{"href":"https:\/\/yoaofficial.com\/en\/wp-json\/wp\/v2\/product"}],"about":[{"href":"https:\/\/yoaofficial.com\/en\/wp-json\/wp\/v2\/types\/product"}],"wp:featuredmedia":[{"embeddable":true,"href":"https:\/\/yoaofficial.com\/en\/wp-json\/wp\/v2\/media\/94320"}],"wp:attachment":[{"href":"https:\/\/yoaofficial.com\/en\/wp-json\/wp\/v2\/media?parent=94268"}],"wp:term":[{"taxonomy":"product_brand","embeddable":true,"href":"https:\/\/yoaofficial.com\/en\/wp-json\/wp\/v2\/product_brand?post=94268"},{"taxonomy":"product_cat","embeddable":true,"href":"https:\/\/yoaofficial.com\/en\/wp-json\/wp\/v2\/product_cat?post=94268"},{"taxonomy":"product_tag","embeddable":true,"href":"https:\/\/yoaofficial.com\/en\/wp-json\/wp\/v2\/product_tag?post=94268"}],"curies":[{"name":"wp","href":"https:\/\/api.w.org\/{rel}","templated":true}]}}