{"id":96382,"date":"2025-02-02T17:30:21","date_gmt":"2025-02-02T16:30:21","guid":{"rendered":"https:\/\/yoaofficial.com\/product\/ayla\/"},"modified":"2025-02-02T17:30:21","modified_gmt":"2025-02-02T16:30:21","slug":"ayla","status":"publish","type":"product","link":"https:\/\/yoaofficial.com\/en\/product\/ayla\/","title":{"rendered":"Ayla"},"content":{"rendered":"<div class=\"flex max-w-full flex-col flex-grow\">\n<div class=\"min-h-8 text-message flex w-full flex-col items-end gap-2 whitespace-normal break-words text-start [.text-message+&amp;]:mt-5\" dir=\"auto\" data-message-author-role=\"assistant\" data-message-id=\"3a525af3-9337-4bc6-8aba-c7077ee99e2d\" data-message-model-slug=\"gpt-4o\">\n<div class=\"flex w-full flex-col gap-1 empty:hidden first:pt-[3px]\">\n<div class=\"markdown prose w-full break-words dark:prose-invert light\">\n<p><strong>AYLA \u2013 spoj elegancije i minimalizma<\/strong><\/p>\n<p>Ayla kupa\u0107i kostim odi\u0161e jednostavnom elegancijom i modernim dizajnom. Sa prefinjenim krojem koji savr\u0161eno prati liniju tela, ovaj model pru\u017ea sofisticiran izgled uz maksimalnu udobnost.<\/p>\n<p>Napravljen od visokokvalitetnih, elasti\u010dnih materijala, Ayla osigurava savr\u0161eno prijanjanje i slobodu pokreta. Suptilni, ali upe\u010datljivi detalji dodaju dozu \u017eenstvenosti, \u010dine\u0107i ga idealnim izborom za one koje \u017eele da se istaknu na pla\u017ei ili pored bazena.<\/p>\n<p>Sa Aylom, jednostavnost nikada nije izgledala mo\u0107nije.<\/p>\n<\/div>\n<\/div>\n<\/div>\n<\/div>\n<div class=\"mb-2 flex gap-3 empty:hidden -ml-2\">\n<div class=\"items-center justify-start rounded-xl p-1 flex\">\n<div class=\"flex items-center\"><\/div>\n<\/div>\n<\/div>\n","protected":false},"excerpt":{"rendered":"<p>AYLA \u2013 spoj elegancije i minimalizma Ayla kupa\u0107i kostim odi\u0161e jednostavnom elegancijom i modernim dizajnom. Sa prefinjenim krojem koji savr\u0161eno prati liniju tela, ovaj model pru\u017ea sofisticiran izgled uz maksimalnu udobnost. Napravljen od visokokvalitetnih, elasti\u010dnih materijala, Ayla osigurava savr\u0161eno prijanjanje i slobodu pokreta. Suptilni, ali upe\u010datljivi detalji dodaju dozu \u017eenstvenosti, \u010dine\u0107i ga idealnim izborom za [&hellip;]<\/p>\n","protected":false},"featured_media":96204,"template":"","meta":{"_acf_changed":false,"_seopress_robots_primary_cat":"","_seopress_titles_title":"","_seopress_titles_desc":"","_seopress_robots_index":""},"product_brand":[],"product_cat":[79,78,82,84],"product_tag":[87],"class_list":{"0":"post-96382","1":"product","2":"type-product","3":"status-publish","4":"has-post-thumbnail","6":"product_cat-bikini","7":"product_cat-discount","8":"product_cat-new-products","9":"product_cat-sale-en-2","10":"product_tag-latest-en","12":"first","13":"instock","14":"shipping-taxable","15":"purchasable","16":"product-type-variable"},"acf":[],"_links":{"self":[{"href":"https:\/\/yoaofficial.com\/en\/wp-json\/wp\/v2\/product\/96382","targetHints":{"allow":["GET"]}}],"collection":[{"href":"https:\/\/yoaofficial.com\/en\/wp-json\/wp\/v2\/product"}],"about":[{"href":"https:\/\/yoaofficial.com\/en\/wp-json\/wp\/v2\/types\/product"}],"wp:featuredmedia":[{"embeddable":true,"href":"https:\/\/yoaofficial.com\/en\/wp-json\/wp\/v2\/media\/96204"}],"wp:attachment":[{"href":"https:\/\/yoaofficial.com\/en\/wp-json\/wp\/v2\/media?parent=96382"}],"wp:term":[{"taxonomy":"product_brand","embeddable":true,"href":"https:\/\/yoaofficial.com\/en\/wp-json\/wp\/v2\/product_brand?post=96382"},{"taxonomy":"product_cat","embeddable":true,"href":"https:\/\/yoaofficial.com\/en\/wp-json\/wp\/v2\/product_cat?post=96382"},{"taxonomy":"product_tag","embeddable":true,"href":"https:\/\/yoaofficial.com\/en\/wp-json\/wp\/v2\/product_tag?post=96382"}],"curies":[{"name":"wp","href":"https:\/\/api.w.org\/{rel}","templated":true}]}}