{"id":96600,"date":"2025-02-02T18:10:25","date_gmt":"2025-02-02T17:10:25","guid":{"rendered":"https:\/\/yoaofficial.com\/?post_type=product&#038;p=96600"},"modified":"2026-03-02T03:21:05","modified_gmt":"2026-03-02T02:21:05","slug":"elara","status":"publish","type":"product","link":"https:\/\/yoaofficial.com\/en\/product\/elara\/","title":{"rendered":"Elara"},"content":{"rendered":"<p>Elara kupa\u0107i kostim je savr\u0161en spoj sofisticiranog dizajna i maksimalne udobnosti. Sa modernim krojem koji se savr\u0161eno prilago\u0111ava telu, ovaj model isti\u010de \u017eenstvenu liniju i pru\u017ea potpuni komfor u svakom trenutku.<\/p>\n<p>Izra\u0111en od visokokvalitetnih materijala, Elara nudi besprekorno prijanjanje, dok elegantni detalji dodaju luksuznu notu. Suptilna kombinacija modernog i klasi\u010dnog stila \u010dini ovaj model savr\u0161enim za dame koje \u017eele da se istaknu na pla\u017ei ili pored bazena.<\/p>\n<p>Sa Elara modelom, svaka prilika postaje prilika za sofisticirani izgled i udobnost.<\/p>\n","protected":false},"excerpt":{"rendered":"<p>Elara kupa\u0107i kostim je savr\u0161en spoj sofisticiranog dizajna i maksimalne udobnosti. Sa modernim krojem koji se savr\u0161eno prilago\u0111ava telu, ovaj model isti\u010de \u017eenstvenu liniju i pru\u017ea potpuni komfor u svakom trenutku.<\/p>\n","protected":false},"featured_media":96643,"template":"","meta":{"_acf_changed":false,"_seopress_robots_primary_cat":"none","_seopress_titles_title":"","_seopress_titles_desc":"","_seopress_robots_index":""},"product_brand":[],"product_cat":[24,68,18,17],"product_tag":[66],"class_list":{"0":"post-96600","1":"product","2":"type-product","3":"status-publish","4":"has-post-thumbnail","6":"product_cat-akcija","7":"product_cat-dvodelni-kupaci","8":"product_cat-novo","9":"product_cat-sale","10":"product_tag-latest","12":"first","13":"instock","14":"shipping-taxable","15":"purchasable","16":"product-type-variable"},"acf":[],"_links":{"self":[{"href":"https:\/\/yoaofficial.com\/en\/wp-json\/wp\/v2\/product\/96600","targetHints":{"allow":["GET"]}}],"collection":[{"href":"https:\/\/yoaofficial.com\/en\/wp-json\/wp\/v2\/product"}],"about":[{"href":"https:\/\/yoaofficial.com\/en\/wp-json\/wp\/v2\/types\/product"}],"wp:featuredmedia":[{"embeddable":true,"href":"https:\/\/yoaofficial.com\/en\/wp-json\/wp\/v2\/media\/96643"}],"wp:attachment":[{"href":"https:\/\/yoaofficial.com\/en\/wp-json\/wp\/v2\/media?parent=96600"}],"wp:term":[{"taxonomy":"product_brand","embeddable":true,"href":"https:\/\/yoaofficial.com\/en\/wp-json\/wp\/v2\/product_brand?post=96600"},{"taxonomy":"product_cat","embeddable":true,"href":"https:\/\/yoaofficial.com\/en\/wp-json\/wp\/v2\/product_cat?post=96600"},{"taxonomy":"product_tag","embeddable":true,"href":"https:\/\/yoaofficial.com\/en\/wp-json\/wp\/v2\/product_tag?post=96600"}],"curies":[{"name":"wp","href":"https:\/\/api.w.org\/{rel}","templated":true}]}}