{"id":97280,"date":"2025-02-02T18:48:58","date_gmt":"2025-02-02T17:48:58","guid":{"rendered":"https:\/\/yoaofficial.com\/?post_type=product&#038;p=97280"},"modified":"2026-03-02T03:20:21","modified_gmt":"2026-03-02T02:20:21","slug":"clea","status":"publish","type":"product","link":"https:\/\/yoaofficial.com\/en\/product\/clea\/","title":{"rendered":"Clea"},"content":{"rendered":"<p>Clea kupa\u0107i kostim je elegantan, sofisticiran i jednostavno nezamenjiv. Sa savr\u0161eno krojenim dizajnom koji se prilago\u0111ava telu, ovaj model pru\u017ea besprekorno prijanjanje i stvori\u0107e vam savr\u0161en izgled na pla\u017ei ili pored bazena.<\/p>\n<p>Izra\u0111en od vrhunskih materijala, Clea kombinuje udobnost i funkcionalnost, dok suptilni detalji dodaju \u0161armantnu notu. Jednostavan, a opet upe\u010datljiv, Clea je idealan izbor za \u017eene koje \u017eele da se istaknu i zra\u010de samopouzdanjem u svakom trenutku.<\/p>\n<p>Sa Clea modelom, va\u0161a elegancija i stil nikada nisu bili blistaviji.<\/p>\n","protected":false},"excerpt":{"rendered":"<p>Clea kupa\u0107i kostim je elegantan, sofisticiran i jednostavno nezamenjiv. Sa savr\u0161eno krojenim dizajnom koji se prilago\u0111ava telu, ovaj model pru\u017ea besprekorno prijanjanje i stvorit \u0107e vam savr\u0161en izgled na pla\u017ei ili pored bazena.<\/p>\n","protected":false},"featured_media":97333,"template":"","meta":{"_acf_changed":false,"_seopress_robots_primary_cat":"none","_seopress_titles_title":"","_seopress_titles_desc":"","_seopress_robots_index":""},"product_brand":[],"product_cat":[24,68,18,17],"product_tag":[66],"class_list":{"0":"post-97280","1":"product","2":"type-product","3":"status-publish","4":"has-post-thumbnail","6":"product_cat-akcija","7":"product_cat-dvodelni-kupaci","8":"product_cat-novo","9":"product_cat-sale","10":"product_tag-latest","12":"first","13":"instock","14":"shipping-taxable","15":"purchasable","16":"product-type-variable"},"acf":[],"_links":{"self":[{"href":"https:\/\/yoaofficial.com\/en\/wp-json\/wp\/v2\/product\/97280","targetHints":{"allow":["GET"]}}],"collection":[{"href":"https:\/\/yoaofficial.com\/en\/wp-json\/wp\/v2\/product"}],"about":[{"href":"https:\/\/yoaofficial.com\/en\/wp-json\/wp\/v2\/types\/product"}],"wp:featuredmedia":[{"embeddable":true,"href":"https:\/\/yoaofficial.com\/en\/wp-json\/wp\/v2\/media\/97333"}],"wp:attachment":[{"href":"https:\/\/yoaofficial.com\/en\/wp-json\/wp\/v2\/media?parent=97280"}],"wp:term":[{"taxonomy":"product_brand","embeddable":true,"href":"https:\/\/yoaofficial.com\/en\/wp-json\/wp\/v2\/product_brand?post=97280"},{"taxonomy":"product_cat","embeddable":true,"href":"https:\/\/yoaofficial.com\/en\/wp-json\/wp\/v2\/product_cat?post=97280"},{"taxonomy":"product_tag","embeddable":true,"href":"https:\/\/yoaofficial.com\/en\/wp-json\/wp\/v2\/product_tag?post=97280"}],"curies":[{"name":"wp","href":"https:\/\/api.w.org\/{rel}","templated":true}]}}